{"id":2742,"date":"2023-12-06T16:00:49","date_gmt":"2023-12-06T16:00:49","guid":{"rendered":"https:\/\/dev.joven-esperanza.de\/?page_id=2742"},"modified":"2025-05-13T10:00:29","modified_gmt":"2025-05-13T10:00:29","slug":"helfen-aus-deutschland","status":"publish","type":"page","link":"https:\/\/joven-esperanza.de\/es\/mitmachen\/helfen-aus-deutschland\/","title":{"rendered":"Ayudar desde Alemania"},"content":{"rendered":"<div class=\"wp-block-uagb-container uagb-block-8f2d7810 alignfull uagb-is-root-container\"><div class=\"uagb-container-inner-blocks-wrap\">\n<div class=\"wp-block-uagb-advanced-heading uagb-block-1cd2d14f\"><h1 class=\"uagb-heading-text\">Ayudar desde Alemania<\/h1><\/div>\n\n\n\n<p>Forma parte de un cambio positivo: tu donaci\u00f3n no es s\u00f3lo una ayuda econ\u00f3mica, sino tambi\u00e9n una muestra de solidaridad. Juntos podemos hacer del mundo un lugar mejor y ayudar a quienes m\u00e1s lo necesitan. \u00bfTe gustar\u00eda incluso hacerte socio? \u00a1A\u00fan mejor!<\/p>\n<\/div><\/div>\n\n\n\n<div class=\"wp-block-uagb-container uagb-block-62aa1a7f alignfull uagb-is-root-container\"><div class=\"uagb-container-inner-blocks-wrap\"><\/div><\/div>\n\n\n\n<div class=\"wp-block-uagb-container uagb-block-76eb78b2 alignfull uagb-is-root-container\"><div class=\"uagb-container-inner-blocks-wrap\">\n<div class=\"wp-block-uagb-advanced-heading uagb-block-ae595ee6\"><h2 class=\"uagb-heading-text\">Donaciones monetarias<\/h2><\/div>\n\n\n\n<div class=\"wp-block-uagb-container uagb-block-e6b74bbf alignfull uagb-is-root-container\"><div class=\"uagb-container-inner-blocks-wrap\">\n<div class=\"wp-block-uagb-container uagb-block-c60047f1\">\n<div class=\"wp-block-uagb-info-box uagb-block-06b280b6 uagb-infobox__content-wrap  uagb-infobox-icon-above-title uagb-infobox-image-valign-top\"><div class=\"uagb-ifb-content\"><div class=\"uagb-ifb-icon-wrap\"><svg xmlns=\"https:\/\/www.w3.org\/2000\/svg\" viewbox=\"0 0 576 512\"><path d=\"M512 64C547.3 64 576 92.65 576 128V384C576 419.3 547.3 448 512 448H64C28.65 448 0 419.3 0 384V128C0 92.65 28.65 64 64 64H512zM272 192C263.2 192 256 199.2 256 208C256 216.8 263.2 224 272 224H496C504.8 224 512 216.8 512 208C512 199.2 504.8 192 496 192H272zM272 320H496C504.8 320 512 312.8 512 304C512 295.2 504.8 288 496 288H272C263.2 288 256 295.2 256 304C256 312.8 263.2 320 272 320zM164.1 160C164.1 148.9 155.1 139.9 143.1 139.9C132.9 139.9 123.9 148.9 123.9 160V166C118.3 167.2 112.1 168.9 108 171.1C93.06 177.9 80.07 190.5 76.91 208.8C75.14 219 76.08 228.9 80.32 237.8C84.47 246.6 91 252.8 97.63 257.3C109.2 265.2 124.5 269.8 136.2 273.3L138.4 273.9C152.4 278.2 161.8 281.3 167.7 285.6C170.2 287.4 171.1 288.8 171.4 289.7C171.8 290.5 172.4 292.3 171.7 296.3C171.1 299.8 169.2 302.8 163.7 305.1C157.6 307.7 147.7 309 134.9 307C128.9 306 118.2 302.4 108.7 299.2C106.5 298.4 104.3 297.7 102.3 297C91.84 293.5 80.51 299.2 77.02 309.7C73.53 320.2 79.2 331.5 89.68 334.1C90.89 335.4 92.39 335.9 94.11 336.5C101.1 339.2 114.4 343.4 123.9 345.6V352C123.9 363.1 132.9 372.1 143.1 372.1C155.1 372.1 164.1 363.1 164.1 352V346.5C169.4 345.5 174.6 343.1 179.4 341.9C195.2 335.2 207.8 322.2 211.1 303.2C212.9 292.8 212.1 282.8 208.1 273.7C204.2 264.7 197.9 258.1 191.2 253.3C179.1 244.4 162.9 239.6 150.8 235.9L149.1 235.7C135.8 231.4 126.2 228.4 120.1 224.2C117.5 222.4 116.7 221.2 116.5 220.7C116.3 220.3 115.7 219.1 116.3 215.7C116.7 213.7 118.2 210.4 124.5 207.6C130.1 204.7 140.9 203.1 153.1 204.1C157.5 205.7 171 208.3 174.9 209.3C185.5 212.2 196.5 205.8 199.3 195.1C202.2 184.5 195.8 173.5 185.1 170.7C180.7 169.5 170.7 167.5 164.1 166.3L164.1 160z\"><\/path><\/svg><\/div><div class=\"uagb-ifb-title-wrap\"><h3 class=\"uagb-ifb-title\">Cuenta de donaciones<\/h3><\/div><p class=\"uagb-ifb-desc\">Joven Esperanza e.V.<br>IBAN: DE78 4306 0967 2036 4696 00<br>BIC: GENODEM1GLS<br>GLS Gemeinschaftsbank Bochum<br><br>Reconocida como organizaci\u00f3n sin \u00e1nimo de lucro por la Agencia Tributaria de Hamburgo.<\/p><\/div><\/div>\n\n\n\n<div class=\"wp-block-uagb-info-box uagb-block-5df85448 uagb-infobox__content-wrap  uagb-infobox-icon-left uagb-infobox-left uagb-infobox-stacked-tablet uagb-infobox-image-valign-top\"><div class=\"uagb-ifb-image-content\"><img decoding=\"async\" src=\"https:\/\/joven-esperanza.de\/wp-content\/uploads\/2025\/05\/spende-qr-150x150.png\" alt=\"\" width=\"102\" height=\"102\" loading=\"lazy\"\/><\/div><div class=\"uagb-ifb-content\"><div class=\"uagb-ifb-title-wrap\"><\/div><p class=\"uagb-ifb-desc\">Den QR-Code kannst Du mit deiner Banking-App scannen, um unsere Bankdaten automatisch zu erfassen.<\/p><\/div><\/div>\n<\/div>\n\n\n\n<div class=\"wp-block-uagb-container uagb-block-2f2f76a9\">\n<div class=\"wp-block-uagb-info-box uagb-block-cb5d8d6c uagb-infobox__content-wrap  uagb-infobox-icon-above-title uagb-infobox-image-valign-top\"><div class=\"uagb-ifb-content\"><div class=\"uagb-ifb-icon-wrap\"><svg xmlns=\"https:\/\/www.w3.org\/2000\/svg\" viewbox=\"0 0 384 512\"><path d=\"M111.4 295.9c-3.5 19.2-17.4 108.7-21.5 134-.3 1.8-1 2.5-3 2.5H12.3c-7.6 0-13.1-6.6-12.1-13.9L58.8 46.6c1.5-9.6 10.1-16.9 20-16.9 152.3 0 165.1-3.7 204 11.4 60.1 23.3 65.6 79.5 44 140.3-21.5 62.6-72.5 89.5-140.1 90.3-43.4 .7-69.5-7-75.3 24.2zM357.1 152c-1.8-1.3-2.5-1.8-3 1.3-2 11.4-5.1 22.5-8.8 33.6-39.9 113.8-150.5 103.9-204.5 103.9-6.1 0-10.1 3.3-10.9 9.4-22.6 140.4-27.1 169.7-27.1 169.7-1 7.1 3.5 12.9 10.6 12.9h63.5c8.6 0 15.7-6.3 17.4-14.9 .7-5.4-1.1 6.1 14.4-91.3 4.6-22 14.3-19.7 29.3-19.7 71 0 126.4-28.8 142.9-112.3 6.5-34.8 4.6-71.4-23.8-92.6z\"><\/path><\/svg><\/div><div class=\"uagb-ifb-title-wrap\"><h3 class=\"uagb-ifb-title\">PayPal<\/h3><\/div><p class=\"uagb-ifb-desc\">Al donar con PayPal, hay peque\u00f1as comisiones que se deducen autom\u00e1ticamente de su donaci\u00f3n.<\/p><\/div><\/div>\n\n\n\n<div class=\"wp-block-uagb-container uagb-block-f68efc8a\">\n<form action=\"https:\/\/www.paypal.com\/donate\" method=\"post\" target=\"_top\" style=\"text-align:center;\">\n<input type=\"hidden\" name=\"hosted_button_id\" value=\"JRRCUBC4ENJ8L\" \/>\n<input type=\"image\" src=\"https:\/\/www.paypalobjects.com\/de_DE\/DE\/i\/btn\/btn_donateCC_LG.gif\" border=\"0\" name=\"submit\" title=\"PayPal - The safer, easier way to pay online!\" alt=\"Spenden mit dem PayPal-Button\" \/>\n<img loading=\"lazy\" decoding=\"async\" alt=\"\" border=\"0\" src=\"https:\/\/www.paypal.com\/de_DE\/i\/scr\/pixel.gif\" width=\"1\" height=\"1\" \/>\n<\/form>\n<\/div>\n<\/div>\n<\/div><\/div>\n<\/div><\/div>\n\n\n\n<div class=\"wp-block-uagb-container uagb-block-b802dae5 alignfull uagb-is-root-container\"><div class=\"uagb-container-inner-blocks-wrap\">\n<div class=\"wp-block-uagb-info-box uagb-block-a953eb0e uagb-infobox__content-wrap  uagb-infobox-icon-above-title uagb-infobox-image-valign-top\"><div class=\"uagb-ifb-content\"><div class=\"uagb-ifb-title-wrap\"><h2 class=\"uagb-ifb-title\">H\u00e1gase socio<\/h2><\/div><p class=\"uagb-ifb-desc translation-block\">Si desea donar regularmente y hacerse miembro de nuestra organizaci\u00f3n, s\u00f3lo tiene que rellenar nuestro formulario de solicitud de afiliaci\u00f3n en l\u00ednea.<\/p><div class=\"uagb-ifb-button-wrapper wp-block-button\"><a href=\"https:\/\/joven-esperanza.de\/es\/mitglied-werden\/\" class=\"uagb-infobox-cta-link wp-block-button__link\" target=\"_blank\" rel=\"noopener noreferrer\" onclick=\"return true;\"><span class=\"uagb-inline-editing\">Solicitud de adhesi\u00f3n<\/span><svg xmlns=\"https:\/\/www.w3.org\/2000\/svg\" viewbox=\"0 0 320 512\"><path d=\"M96 480c-8.188 0-16.38-3.125-22.62-9.375c-12.5-12.5-12.5-32.75 0-45.25L242.8 256L73.38 86.63c-12.5-12.5-12.5-32.75 0-45.25s32.75-12.5 45.25 0l192 192c12.5 12.5 12.5 32.75 0 45.25l-192 192C112.4 476.9 104.2 480 96 480z\"><\/path><\/svg><\/a><\/div><\/div><\/div>\n<\/div><\/div>\n\n\n\n<div class=\"wp-block-uagb-container uagb-block-9aafbad2 alignfull uagb-is-root-container\"><div class=\"uagb-container-inner-blocks-wrap\">\n<div class=\"wp-block-uagb-container uagb-block-7402955d\">\n<div class=\"wp-block-uagb-info-box uagb-block-eb13fd61 uagb-infobox__content-wrap  uagb-infobox-icon-above-title uagb-infobox-image-valign-top\"><div class=\"uagb-ifb-content\"><div class=\"uagb-ifb-title-wrap\"><h2 class=\"uagb-ifb-title\">Donaciones en especie<\/h2><\/div><p class=\"uagb-ifb-desc\">Por regla general, no recogemos donativos en especie para las familias de Bolivia, ya que no lo consideramos sostenible. Preferimos intentar apoyar a la econom\u00eda local y a las peque\u00f1as empresas de Camiri y comprar todo lo que el proyecto necesita localmente. Adem\u00e1s, el transporte a Bolivia suele ser caro y supone mucho esfuerzo. En casos excepcionales, por ejemplo necesidades especiales o viajes planeados por miembros del equipo, hacemos una lista de art\u00edculos espec\u00edficos que se necesitan.<\/p><\/div><\/div>\n<\/div>\n<\/div><\/div>\n\n\n\n<div class=\"wp-block-uagb-container uagb-block-856f8d88 alignfull uagb-is-root-container\"><div class=\"uagb-container-inner-blocks-wrap\">\n<div class=\"wp-block-uagb-info-box uagb-block-1fc904de uagb-infobox__content-wrap  uagb-infobox-icon-above-title uagb-infobox-image-valign-top\"><div class=\"uagb-ifb-content\"><div class=\"uagb-ifb-title-wrap\"><h2 class=\"uagb-ifb-title\">Agradecimientos<\/h2><\/div><p class=\"uagb-ifb-desc\">Una y otra vez, tambi\u00e9n recibimos donaciones u otro tipo de apoyo de empresas. Aprovechamos la ocasi\u00f3n para darles las gracias.<\/p><\/div><\/div>\n\n\n\n<div class=\"wp-block-uagb-container uagb-block-a34daaba\">\n<div class=\"wp-block-uagb-container uagb-block-924500c0\">\n<figure class=\"wp-block-image size-large\"><img decoding=\"async\" src=\"https:\/\/joven-esperanza.de\/wp-content\/uploads\/2024\/02\/ninox-logo.png\" alt=\"\"\/><\/figure>\n<\/div>\n\n\n\n<div class=\"wp-block-uagb-container uagb-block-a551043c\">\n<figure class=\"wp-block-image size-large\"><img decoding=\"async\" src=\"https:\/\/joven-esperanza.de\/wp-content\/uploads\/2024\/02\/pool-one-logo.png\" alt=\"\"\/><\/figure>\n<\/div>\n\n\n\n<div class=\"wp-block-uagb-container uagb-block-cb45b210\">\n<figure class=\"wp-block-image size-large\"><img decoding=\"async\" src=\"https:\/\/joven-esperanza.de\/wp-content\/uploads\/2024\/02\/logo-bettermarks.png\" alt=\"\"\/><\/figure>\n<\/div>\n\n\n\n<div class=\"wp-block-uagb-container uagb-block-e3af5cca\">\n<figure class=\"wp-block-image size-large\"><img decoding=\"async\" src=\"https:\/\/joven-esperanza.de\/wp-content\/uploads\/2024\/02\/easyverein-logo.jpg\" alt=\"\"\/><\/figure>\n<\/div>\n<\/div>\n<\/div><\/div>\n\n\n\n<div class=\"wp-block-uagb-container uagb-block-1448e09e alignfull uagb-is-root-container\">\n<div class=\"wp-block-uagb-info-box uagb-block-22502f6a uagb-infobox__content-wrap  uagb-infobox-icon-above-title uagb-infobox-image-valign-top\"><div class=\"uagb-ifb-content\"><div class=\"uagb-ifb-title-wrap\"><h2 class=\"uagb-ifb-title\">Ofrecer un futuro a los ni\u00f1os de Camiri<\/h2><\/div><p class=\"uagb-ifb-desc\">H\u00e1gase socio ahora: desde s\u00f3lo 2 euros al mes.<\/p><\/div><\/div>\n\n\n\n<div class=\"wp-block-uagb-buttons uagb-buttons__outer-wrap uagb-btn__default-btn uagb-btn-tablet__default-btn uagb-btn-mobile__default-btn uagb-block-5d4c505c\"><div class=\"uagb-buttons__wrap uagb-buttons-layout-wrap\">\n<div class=\"wp-block-uagb-buttons-child uagb-buttons__outer-wrap uagb-block-2d3f24da wp-block-button\"><div class=\"uagb-button__wrapper\"><a class=\"uagb-buttons-repeater wp-block-button__link\" aria-label=\"\" href=\"https:\/\/joven-esperanza.de\/es\/mitglied-werden\/\" rel=\"follow noopener\" target=\"_self\" role=\"button\"><div class=\"uagb-button__link\">\u00a1H\u00e1gase socio!<\/div><\/a><\/div><\/div>\n\n\n\n<div class=\"wp-block-uagb-buttons-child uagb-buttons__outer-wrap uagb-block-91ff1859 wp-block-button\"><div class=\"uagb-button__wrapper\"><a class=\"uagb-buttons-repeater wp-block-button__link\" aria-label=\"\" href=\"https:\/\/joven-esperanza.de\/es\/mitmachen\/helfen-aus-deutschland\/\" rel=\"follow noopener\" target=\"_self\" role=\"button\"><div class=\"uagb-button__link\">\u00a1Me gustar\u00eda donar!<\/div><\/a><\/div><\/div>\n<\/div><\/div>\n<\/div>","protected":false},"excerpt":{"rendered":"<p>Helfen aus Deutschland Sei Teil einer positiven Ver\u00e4nderung: Deine Spende ist nicht nur finanzielle Unterst\u00fctzung, sondern auch ein Zeichen der Solidarit\u00e4t. Gemeinsam k\u00f6nnen wir die Welt ein St\u00fcck besser machen und denjenigen helfen, die es am dringendsten ben\u00f6tigen. Du m\u00f6chtest sogar Mitglied bei uns werden? Noch besser! Geldspenden<\/p>","protected":false},"author":1,"featured_media":0,"parent":3387,"menu_order":0,"comment_status":"closed","ping_status":"closed","template":"","meta":{"_uag_custom_page_level_css":"","site-sidebar-layout":"default","site-content-layout":"","ast-site-content-layout":"default","site-content-style":"default","site-sidebar-style":"default","ast-global-header-display":"","ast-banner-title-visibility":"","ast-main-header-display":"","ast-hfb-above-header-display":"","ast-hfb-below-header-display":"","ast-hfb-mobile-header-display":"","site-post-title":"disabled","ast-breadcrumbs-content":"","ast-featured-img":"","footer-sml-layout":"","theme-transparent-header-meta":"","adv-header-id-meta":"","stick-header-meta":"","header-above-stick-meta":"","header-main-stick-meta":"","header-below-stick-meta":"","astra-migrate-meta-layouts":"set","ast-page-background-enabled":"default","ast-page-background-meta":{"desktop":{"background-color":"var(--ast-global-color-4)","background-image":"","background-repeat":"repeat","background-position":"center center","background-size":"auto","background-attachment":"scroll","background-type":"","background-media":"","overlay-type":"","overlay-color":"","overlay-gradient":""},"tablet":{"background-color":"","background-image":"","background-repeat":"repeat","background-position":"center center","background-size":"auto","background-attachment":"scroll","background-type":"","background-media":"","overlay-type":"","overlay-color":"","overlay-gradient":""},"mobile":{"background-color":"","background-image":"","background-repeat":"repeat","background-position":"center center","background-size":"auto","background-attachment":"scroll","background-type":"","background-media":"","overlay-type":"","overlay-color":"","overlay-gradient":""}},"ast-content-background-meta":{"desktop":{"background-color":"var(--ast-global-color-5)","background-image":"","background-repeat":"repeat","background-position":"center center","background-size":"auto","background-attachment":"scroll","background-type":"","background-media":"","overlay-type":"","overlay-color":"","overlay-gradient":""},"tablet":{"background-color":"var(--ast-global-color-5)","background-image":"","background-repeat":"repeat","background-position":"center center","background-size":"auto","background-attachment":"scroll","background-type":"","background-media":"","overlay-type":"","overlay-color":"","overlay-gradient":""},"mobile":{"background-color":"var(--ast-global-color-5)","background-image":"","background-repeat":"repeat","background-position":"center center","background-size":"auto","background-attachment":"scroll","background-type":"","background-media":"","overlay-type":"","overlay-color":"","overlay-gradient":""}},"footnotes":""},"class_list":["post-2742","page","type-page","status-publish","hentry"],"yoast_head":"<!-- This site is optimized with the Yoast SEO plugin v25.0 - https:\/\/yoast.com\/wordpress\/plugins\/seo\/ -->\n<title>Helfen aus Deutschland - Joven Esperanza e.V.<\/title>\n<meta name=\"robots\" content=\"index, follow, max-snippet:-1, max-image-preview:large, max-video-preview:-1\" \/>\n<link rel=\"canonical\" href=\"https:\/\/joven-esperanza.de\/es\/mitmachen\/helfen-aus-deutschland\/\" \/>\n<meta property=\"og:locale\" content=\"es_ES\" \/>\n<meta property=\"og:type\" content=\"article\" \/>\n<meta property=\"og:title\" content=\"Helfen aus Deutschland - Joven Esperanza e.V.\" \/>\n<meta property=\"og:description\" content=\"Helfen aus Deutschland Sei Teil einer positiven Ver\u00e4nderung: Deine Spende ist nicht nur finanzielle Unterst\u00fctzung, sondern auch ein Zeichen der Solidarit\u00e4t. Gemeinsam k\u00f6nnen wir die Welt ein St\u00fcck besser machen und denjenigen helfen, die es am dringendsten ben\u00f6tigen. Du m\u00f6chtest sogar Mitglied bei uns werden? Noch besser! Geldspenden\" \/>\n<meta property=\"og:url\" content=\"https:\/\/joven-esperanza.de\/es\/mitmachen\/helfen-aus-deutschland\/\" \/>\n<meta property=\"og:site_name\" content=\"Joven Esperanza e.V.\" \/>\n<meta property=\"article:publisher\" content=\"https:\/\/www.facebook.com\/JovenEsperanza\" \/>\n<meta property=\"article:modified_time\" content=\"2025-05-13T10:00:29+00:00\" \/>\n<meta property=\"og:image\" content=\"https:\/\/joven-esperanza.de\/wp-content\/uploads\/2025\/05\/spende-qr-150x150.png\" \/>\n<meta name=\"twitter:card\" content=\"summary_large_image\" \/>\n<meta name=\"twitter:label1\" content=\"Est. reading time\" \/>\n\t<meta name=\"twitter:data1\" content=\"3 minutes\" \/>\n<script type=\"application\/ld+json\" class=\"yoast-schema-graph\">{\"@context\":\"https:\/\/schema.org\",\"@graph\":[{\"@type\":\"WebPage\",\"@id\":\"https:\/\/joven-esperanza.de\/mitmachen\/helfen-aus-deutschland\/\",\"url\":\"https:\/\/joven-esperanza.de\/mitmachen\/helfen-aus-deutschland\/\",\"name\":\"Helfen aus Deutschland - Joven Esperanza e.V.\",\"isPartOf\":{\"@id\":\"https:\/\/joven-esperanza.de\/#website\"},\"primaryImageOfPage\":{\"@id\":\"https:\/\/joven-esperanza.de\/mitmachen\/helfen-aus-deutschland\/#primaryimage\"},\"image\":{\"@id\":\"https:\/\/joven-esperanza.de\/mitmachen\/helfen-aus-deutschland\/#primaryimage\"},\"thumbnailUrl\":\"https:\/\/joven-esperanza.de\/wp-content\/uploads\/2025\/05\/spende-qr-150x150.png\",\"datePublished\":\"2023-12-06T16:00:49+00:00\",\"dateModified\":\"2025-05-13T10:00:29+00:00\",\"breadcrumb\":{\"@id\":\"https:\/\/joven-esperanza.de\/mitmachen\/helfen-aus-deutschland\/#breadcrumb\"},\"inLanguage\":\"es-BO\",\"potentialAction\":[{\"@type\":\"ReadAction\",\"target\":[\"https:\/\/joven-esperanza.de\/mitmachen\/helfen-aus-deutschland\/\"]}]},{\"@type\":\"ImageObject\",\"inLanguage\":\"es-BO\",\"@id\":\"https:\/\/joven-esperanza.de\/mitmachen\/helfen-aus-deutschland\/#primaryimage\",\"url\":\"https:\/\/joven-esperanza.de\/wp-content\/uploads\/2025\/05\/spende-qr-150x150.png\",\"contentUrl\":\"https:\/\/joven-esperanza.de\/wp-content\/uploads\/2025\/05\/spende-qr-150x150.png\"},{\"@type\":\"BreadcrumbList\",\"@id\":\"https:\/\/joven-esperanza.de\/mitmachen\/helfen-aus-deutschland\/#breadcrumb\",\"itemListElement\":[{\"@type\":\"ListItem\",\"position\":1,\"name\":\"Startseite\",\"item\":\"https:\/\/joven-esperanza.de\/\"},{\"@type\":\"ListItem\",\"position\":2,\"name\":\"Mitmachen\",\"item\":\"https:\/\/joven-esperanza.de\/mitmachen\/\"},{\"@type\":\"ListItem\",\"position\":3,\"name\":\"Helfen aus Deutschland\"}]},{\"@type\":\"WebSite\",\"@id\":\"https:\/\/joven-esperanza.de\/#website\",\"url\":\"https:\/\/joven-esperanza.de\/\",\"name\":\"Joven Esperanza e.V.\",\"description\":\"Kindern in Camiri eine Zukunft bieten\",\"publisher\":{\"@id\":\"https:\/\/joven-esperanza.de\/#organization\"},\"potentialAction\":[{\"@type\":\"SearchAction\",\"target\":{\"@type\":\"EntryPoint\",\"urlTemplate\":\"https:\/\/joven-esperanza.de\/?s={search_term_string}\"},\"query-input\":{\"@type\":\"PropertyValueSpecification\",\"valueRequired\":true,\"valueName\":\"search_term_string\"}}],\"inLanguage\":\"es-BO\"},{\"@type\":\"Organization\",\"@id\":\"https:\/\/joven-esperanza.de\/#organization\",\"name\":\"Joven Esperanza e.V.\",\"url\":\"https:\/\/joven-esperanza.de\/\",\"logo\":{\"@type\":\"ImageObject\",\"inLanguage\":\"es-BO\",\"@id\":\"https:\/\/joven-esperanza.de\/#\/schema\/logo\/image\/\",\"url\":\"https:\/\/joven-esperanza.de\/wp-content\/uploads\/2024\/02\/joven-esperanza.png\",\"contentUrl\":\"https:\/\/joven-esperanza.de\/wp-content\/uploads\/2024\/02\/joven-esperanza.png\",\"width\":4738,\"height\":1324,\"caption\":\"Joven Esperanza e.V.\"},\"image\":{\"@id\":\"https:\/\/joven-esperanza.de\/#\/schema\/logo\/image\/\"},\"sameAs\":[\"https:\/\/www.facebook.com\/JovenEsperanza\",\"https:\/\/www.instagram.com\/joven_esperanza_ev\/\",\"https:\/\/www.linkedin.com\/company\/joven-esperanza-e.v.\/\",\"https:\/\/www.youtube.com\/@joven.esperanza\"]}]}<\/script>\n<!-- \/ Yoast SEO plugin. -->","yoast_head_json":{"title":"Helfen aus Deutschland - Joven Esperanza e.V.","robots":{"index":"index","follow":"follow","max-snippet":"max-snippet:-1","max-image-preview":"max-image-preview:large","max-video-preview":"max-video-preview:-1"},"canonical":"https:\/\/joven-esperanza.de\/es\/mitmachen\/helfen-aus-deutschland\/","og_locale":"es_ES","og_type":"article","og_title":"Helfen aus Deutschland - Joven Esperanza e.V.","og_description":"Helfen aus Deutschland Sei Teil einer positiven Ver\u00e4nderung: Deine Spende ist nicht nur finanzielle Unterst\u00fctzung, sondern auch ein Zeichen der Solidarit\u00e4t. Gemeinsam k\u00f6nnen wir die Welt ein St\u00fcck besser machen und denjenigen helfen, die es am dringendsten ben\u00f6tigen. Du m\u00f6chtest sogar Mitglied bei uns werden? Noch besser! Geldspenden","og_url":"https:\/\/joven-esperanza.de\/es\/mitmachen\/helfen-aus-deutschland\/","og_site_name":"Joven Esperanza e.V.","article_publisher":"https:\/\/www.facebook.com\/JovenEsperanza","article_modified_time":"2025-05-13T10:00:29+00:00","og_image":[{"url":"https:\/\/joven-esperanza.de\/wp-content\/uploads\/2025\/05\/spende-qr-150x150.png","type":"","width":"","height":""}],"twitter_card":"summary_large_image","twitter_misc":{"Est. reading time":"3 minutes"},"schema":{"@context":"https:\/\/schema.org","@graph":[{"@type":"WebPage","@id":"https:\/\/joven-esperanza.de\/mitmachen\/helfen-aus-deutschland\/","url":"https:\/\/joven-esperanza.de\/mitmachen\/helfen-aus-deutschland\/","name":"Helfen aus Deutschland - Joven Esperanza e.V.","isPartOf":{"@id":"https:\/\/joven-esperanza.de\/#website"},"primaryImageOfPage":{"@id":"https:\/\/joven-esperanza.de\/mitmachen\/helfen-aus-deutschland\/#primaryimage"},"image":{"@id":"https:\/\/joven-esperanza.de\/mitmachen\/helfen-aus-deutschland\/#primaryimage"},"thumbnailUrl":"https:\/\/joven-esperanza.de\/wp-content\/uploads\/2025\/05\/spende-qr-150x150.png","datePublished":"2023-12-06T16:00:49+00:00","dateModified":"2025-05-13T10:00:29+00:00","breadcrumb":{"@id":"https:\/\/joven-esperanza.de\/mitmachen\/helfen-aus-deutschland\/#breadcrumb"},"inLanguage":"es-BO","potentialAction":[{"@type":"ReadAction","target":["https:\/\/joven-esperanza.de\/mitmachen\/helfen-aus-deutschland\/"]}]},{"@type":"ImageObject","inLanguage":"es-BO","@id":"https:\/\/joven-esperanza.de\/mitmachen\/helfen-aus-deutschland\/#primaryimage","url":"https:\/\/joven-esperanza.de\/wp-content\/uploads\/2025\/05\/spende-qr-150x150.png","contentUrl":"https:\/\/joven-esperanza.de\/wp-content\/uploads\/2025\/05\/spende-qr-150x150.png"},{"@type":"BreadcrumbList","@id":"https:\/\/joven-esperanza.de\/mitmachen\/helfen-aus-deutschland\/#breadcrumb","itemListElement":[{"@type":"ListItem","position":1,"name":"Startseite","item":"https:\/\/joven-esperanza.de\/"},{"@type":"ListItem","position":2,"name":"Mitmachen","item":"https:\/\/joven-esperanza.de\/mitmachen\/"},{"@type":"ListItem","position":3,"name":"Helfen aus Deutschland"}]},{"@type":"WebSite","@id":"https:\/\/joven-esperanza.de\/#website","url":"https:\/\/joven-esperanza.de\/","name":"Joven Esperanza e.V.","description":"Kindern in Camiri eine Zukunft bieten","publisher":{"@id":"https:\/\/joven-esperanza.de\/#organization"},"potentialAction":[{"@type":"SearchAction","target":{"@type":"EntryPoint","urlTemplate":"https:\/\/joven-esperanza.de\/?s={search_term_string}"},"query-input":{"@type":"PropertyValueSpecification","valueRequired":true,"valueName":"search_term_string"}}],"inLanguage":"es-BO"},{"@type":"Organization","@id":"https:\/\/joven-esperanza.de\/#organization","name":"Joven Esperanza e.V.","url":"https:\/\/joven-esperanza.de\/","logo":{"@type":"ImageObject","inLanguage":"es-BO","@id":"https:\/\/joven-esperanza.de\/#\/schema\/logo\/image\/","url":"https:\/\/joven-esperanza.de\/wp-content\/uploads\/2024\/02\/joven-esperanza.png","contentUrl":"https:\/\/joven-esperanza.de\/wp-content\/uploads\/2024\/02\/joven-esperanza.png","width":4738,"height":1324,"caption":"Joven Esperanza e.V."},"image":{"@id":"https:\/\/joven-esperanza.de\/#\/schema\/logo\/image\/"},"sameAs":["https:\/\/www.facebook.com\/JovenEsperanza","https:\/\/www.instagram.com\/joven_esperanza_ev\/","https:\/\/www.linkedin.com\/company\/joven-esperanza-e.v.\/","https:\/\/www.youtube.com\/@joven.esperanza"]}]}},"uagb_featured_image_src":{"full":false,"thumbnail":false,"medium":false,"medium_large":false,"large":false,"1536x1536":false,"2048x2048":false,"trp-custom-language-flag":false},"uagb_author_info":{"display_name":"Joven Esperanza","author_link":"https:\/\/joven-esperanza.de\/es\/blog\/author\/admin\/"},"uagb_comment_info":0,"uagb_excerpt":"Helfen aus Deutschland Sei Teil einer positiven Ver\u00e4nderung: Deine Spende ist nicht nur finanzielle Unterst\u00fctzung, sondern auch ein Zeichen der Solidarit\u00e4t. Gemeinsam k\u00f6nnen wir die Welt ein St\u00fcck besser machen und denjenigen helfen, die es am dringendsten ben\u00f6tigen. Du m\u00f6chtest sogar Mitglied bei uns werden? Noch besser! Geldspenden","_links":{"self":[{"href":"https:\/\/joven-esperanza.de\/es\/wp-json\/wp\/v2\/pages\/2742","targetHints":{"allow":["GET"]}}],"collection":[{"href":"https:\/\/joven-esperanza.de\/es\/wp-json\/wp\/v2\/pages"}],"about":[{"href":"https:\/\/joven-esperanza.de\/es\/wp-json\/wp\/v2\/types\/page"}],"author":[{"embeddable":true,"href":"https:\/\/joven-esperanza.de\/es\/wp-json\/wp\/v2\/users\/1"}],"replies":[{"embeddable":true,"href":"https:\/\/joven-esperanza.de\/es\/wp-json\/wp\/v2\/comments?post=2742"}],"version-history":[{"count":29,"href":"https:\/\/joven-esperanza.de\/es\/wp-json\/wp\/v2\/pages\/2742\/revisions"}],"predecessor-version":[{"id":4412,"href":"https:\/\/joven-esperanza.de\/es\/wp-json\/wp\/v2\/pages\/2742\/revisions\/4412"}],"up":[{"embeddable":true,"href":"https:\/\/joven-esperanza.de\/es\/wp-json\/wp\/v2\/pages\/3387"}],"wp:attachment":[{"href":"https:\/\/joven-esperanza.de\/es\/wp-json\/wp\/v2\/media?parent=2742"}],"curies":[{"name":"wp","href":"https:\/\/api.w.org\/{rel}","templated":true}]}}