{"id":3673,"date":"2024-03-02T13:32:47","date_gmt":"2024-03-02T13:32:47","guid":{"rendered":"https:\/\/dev.joven-esperanza.de\/?page_id=3673"},"modified":"2024-03-16T13:39:17","modified_gmt":"2024-03-16T13:39:17","slug":"kinder-in-bolivien","status":"publish","type":"page","link":"https:\/\/joven-esperanza.de\/es\/ueber-uns\/kinder-in-bolivien\/","title":{"rendered":"Ni\u00f1os en Bolivia"},"content":{"rendered":"<div class=\"wp-block-uagb-container uagb-block-8f2d7810 alignfull uagb-is-root-container\"><div class=\"uagb-container-inner-blocks-wrap\">\n<div class=\"wp-block-uagb-advanced-heading uagb-block-1cd2d14f\"><h1 class=\"uagb-heading-text\">Ni\u00f1os en Bolivia<\/h1><\/div>\n\n\n\n<p>Los ni\u00f1os y j\u00f3venes de Bolivia crecen en circunstancias completamente distintas a las que estamos acostumbrados en Alemania. A pesar de la evoluci\u00f3n positiva de los \u00faltimos a\u00f1os, Bolivia sigue siendo uno de los pa\u00edses m\u00e1s pobres del mundo. Especialmente para las familias con muchos hijos, a menudo es dif\u00edcil reunir el dinero necesario para el material escolar y la comida. Las oportunidades de progreso son limitadas para muchos ni\u00f1os y j\u00f3venes.<\/p>\n<\/div><\/div>\n\n\n\n<div class=\"wp-block-uagb-container uagb-block-62aa1a7f alignfull uagb-is-root-container\"><div class=\"uagb-container-inner-blocks-wrap\"><\/div><\/div>\n\n\n\n<div class=\"wp-block-uagb-container uagb-block-14492f90 alignfull uagb-is-root-container\"><div class=\"uagb-container-inner-blocks-wrap\">\n<div class=\"wp-block-uagb-container uagb-block-b3532265\">\n<div class=\"wp-block-uagb-container uagb-block-4fe50525\">\n<div class=\"wp-block-uagb-advanced-heading uagb-block-e17e2143\"><h2 class=\"uagb-heading-text\">EL PA\u00cdS BOLIVIA<\/h2><\/div>\n<\/div>\n\n\n\n<div class=\"wp-block-uagb-container uagb-block-b5ffc537\">\n<p>Bolivia est\u00e1 situada en Am\u00e9rica del Sur y limita al sur con Paraguay y Argentina, al oeste con Chile y Per\u00fa y al norte y este con Brasil. Esto significa que Bolivia se caracteriza tanto por las tierras altas de los Andes como por las tierras bajas y la densa selva.<br>Con una superficie de m\u00e1s de un mill\u00f3n de kil\u00f3metros cuadrados, Bolivia es unas tres veces mayor que Alemania, pero tiene una poblaci\u00f3n de poco m\u00e1s de 12 millones de habitantes.<\/p>\n\n\n\n<p>La capital es Sucre, pero la sede del Gobierno est\u00e1 en La Paz.<\/p>\n\n\n\n<p>Bolivia es un pa\u00eds ling\u00fc\u00edsticamente diverso: Adem\u00e1s del espa\u00f1ol, lengua oficial, se hablan 36 lenguas ind\u00edgenas, principalmente quechua, aymara y guaran\u00ed. Alrededor del 40% de los bolivianos pertenecen a grupos de poblaci\u00f3n ind\u00edgena.<\/p>\n<\/div>\n<\/div>\n<\/div><\/div>\n\n\n\n<div class=\"wp-block-uagb-container uagb-block-9aafbad2 alignfull uagb-is-root-container\"><div class=\"uagb-container-inner-blocks-wrap\">\n<div class=\"wp-block-uagb-container uagb-block-75921f79\">\n<div class=\"wp-block-uagb-container uagb-block-47530a53\">\n<div class=\"wp-block-uagb-advanced-heading uagb-block-12a7a9c8\"><h2 class=\"uagb-heading-text\">Pobreza en Bolivia<\/h2><\/div>\n<\/div>\n\n\n\n<div class=\"wp-block-uagb-container uagb-block-3c351c0e\">\n<p>Los sectores econ\u00f3micos m\u00e1s importantes del pa\u00eds son el petr\u00f3leo y el gas (este \u00faltimo representa \u00faltimamente en torno al 16% del PIB), la miner\u00eda, la agricultura y, m\u00e1s recientemente, la extracci\u00f3n de litio.<\/p>\n\n\n\n<p><br>Desde finales de los a\u00f1os noventa, el pa\u00eds se ha desarrollado significativamente en t\u00e9rminos econ\u00f3micos: el PIB per c\u00e1pita casi se duplic\u00f3 en unos diez a\u00f1os hasta alcanzar los 3.566 USD en 2019, pero se ha estancado desde entonces. Esto significa que Bolivia sigue ocupando \u00fanicamente el puesto 118 en el \u00cdndice de Desarrollo Humano, en comparaci\u00f3n con Alemania, que ocupa el noveno lugar (2021).<\/p>\n\n\n\n<p><br>La situaci\u00f3n econ\u00f3mica se refleja en la de las familias: muchas de ellas siguen viviendo muy por debajo del umbral de pobreza (menos de 1,9 USD\/d\u00eda por persona), lo que significa que los ni\u00f1os trabajan desde muy peque\u00f1os para contribuir a los ingresos familiares. Seg\u00fan estimaciones de las ONG, m\u00e1s de 700.000 ni\u00f1os y j\u00f3venes trabajan como vendedores ambulantes, limpiabotas, en la construcci\u00f3n, la agricultura, la miner\u00eda y muchos otros sectores. Aunque los ni\u00f1os y j\u00f3venes consiguieron que en 2014 se aprobara una ley que legaliza el trabajo infantil a partir de los diez a\u00f1os, protegi\u00e9ndolos as\u00ed de las bandas criminales y la persecuci\u00f3n policial, la educaci\u00f3n suele quedar en el camino junto al trabajo.<\/p>\n\n\n\n<p><br>La asistencia a la escuela es obligatoria en Bolivia y el pa\u00eds cuenta con un sistema escolar p\u00fablico. Sin embargo, adem\u00e1s del tiempo necesario para asistir a la escuela, los ni\u00f1os tambi\u00e9n tienen que encontrar el dinero necesario para sus materiales escolares, lo que a menudo es casi imposible, especialmente en familias con muchos hijos.<\/p>\n<\/div>\n<\/div>\n<\/div><\/div>\n\n\n\n<div class=\"wp-block-uagb-container uagb-block-c79cef81 alignfull uagb-is-root-container\"><div class=\"uagb-container-inner-blocks-wrap\">\n<div class=\"wp-block-uagb-container uagb-block-fe7ddaa0\">\n<div class=\"wp-block-uagb-container uagb-block-84459ed7\">\n<div class=\"wp-block-uagb-advanced-heading uagb-block-6b8fa158\"><h2 class=\"uagb-heading-text\">La ciudad de Camiri<\/h2><\/div>\n\n\n\n<div class=\"wp-block-uagb-image uagb-block-0ddce73b wp-block-uagb-image--layout-default wp-block-uagb-image--effect-static wp-block-uagb-image--align-none\"><figure class=\"wp-block-uagb-image__figure\"><img decoding=\"async\" srcset=\"https:\/\/joven-esperanza.de\/wp-content\/uploads\/2024\/03\/Bolivien-60-1024x768.jpg ,https:\/\/joven-esperanza.de\/wp-content\/uploads\/2024\/03\/Bolivien-60-scaled.jpg 780w, https:\/\/joven-esperanza.de\/wp-content\/uploads\/2024\/03\/Bolivien-60-scaled.jpg 360w\" sizes=\"auto, (max-width: 480px) 150px\" src=\"https:\/\/joven-esperanza.de\/wp-content\/uploads\/2024\/03\/Bolivien-60-1024x768.jpg\" alt=\"\" class=\"uag-image-3914\" width=\"1024\" height=\"768\" title=\"Bolivien-60\" loading=\"lazy\"\/><\/figure><\/div>\n<\/div>\n\n\n\n<div class=\"wp-block-uagb-container uagb-block-f040edde\">\n<p style=\"padding-top:0;padding-right:0;padding-bottom:0;padding-left:0\">Camiri es una peque\u00f1a ciudad de poco menos de 30.000 habitantes situada en las tierras bajas del sur de Bolivia. Pertenece al departamento de Santa Cruz, cuya superficie es mayor que la de Alemania. La capital del departamento es Santa Cruz de la Sierra, la ciudad m\u00e1s poblada de Bolivia (unos 2 millones de habitantes).<\/p>\n\n\n\n<p>Rodeada por las verdes laderas de la Sierra Caro Huayco de los Andes, el centro de la vida de la ciudad es el mercado. En el \u00faltimo siglo, Camiri se ha convertido en una de las ciudades m\u00e1s ricas de Bolivia gracias a sus reservas de petr\u00f3leo y gas. Sin embargo, la disminuci\u00f3n de las reservas hizo necesarios m\u00e9todos de extracci\u00f3n m\u00e1s complicados, lo que provoc\u00f3 el traslado de la empresa extractora a principios del nuevo milenio, y con ella de la capital. A esto sigui\u00f3 un declive constante del presupuesto de la ciudad y un aumento del empleo precario. Hoy, un gran n\u00famero de ni\u00f1os y j\u00f3venes viven muy por debajo del umbral de la pobreza y las oportunidades de progreso son limitadas.<\/p>\n<\/div>\n<\/div>\n<\/div><\/div>\n\n\n\n<div class=\"wp-block-uagb-container uagb-block-1448e09e alignfull uagb-is-root-container\">\n<div class=\"wp-block-uagb-info-box uagb-block-22502f6a uagb-infobox__content-wrap  uagb-infobox-icon-above-title uagb-infobox-image-valign-top\"><div class=\"uagb-ifb-content\"><div class=\"uagb-ifb-title-wrap\"><h2 class=\"uagb-ifb-title\">Ofrecer un futuro a los ni\u00f1os de Camiri<\/h2><\/div><p class=\"uagb-ifb-desc\">H\u00e1gase socio ahora: desde s\u00f3lo 2 euros al mes.<\/p><\/div><\/div>\n\n\n\n<div class=\"wp-block-uagb-buttons uagb-buttons__outer-wrap uagb-btn__default-btn uagb-btn-tablet__default-btn uagb-btn-mobile__default-btn uagb-block-5d4c505c\"><div class=\"uagb-buttons__wrap uagb-buttons-layout-wrap\">\n<div class=\"wp-block-uagb-buttons-child uagb-buttons__outer-wrap uagb-block-2d3f24da wp-block-button\"><div class=\"uagb-button__wrapper\"><a class=\"uagb-buttons-repeater wp-block-button__link\" aria-label=\"\" href=\"https:\/\/joven-esperanza.de\/es\/mitglied-werden\/\" rel=\"follow noopener\" target=\"_self\"><div class=\"uagb-button__link\">\u00a1H\u00e1gase socio!<\/div><\/a><\/div><\/div>\n\n\n\n<div class=\"wp-block-uagb-buttons-child uagb-buttons__outer-wrap uagb-block-91ff1859 wp-block-button\"><div class=\"uagb-button__wrapper\"><a class=\"uagb-buttons-repeater wp-block-button__link\" aria-label=\"\" href=\"https:\/\/joven-esperanza.de\/es\/mitmachen\/helfen-aus-deutschland\/\" rel=\"follow noopener\" target=\"_self\"><div class=\"uagb-button__link\">\u00a1Me gustar\u00eda donar!<\/div><\/a><\/div><\/div>\n<\/div><\/div>\n<\/div>","protected":false},"excerpt":{"rendered":"<p>Kinder in Bolivien Kinder und Jugendliche in Bolivien wachsen unter v\u00f6llig anderen Umst\u00e4nden auf, als wir es in Deutschland gewohnt sind. Trotz der positiven Entwicklungen in den letzten Jahren bleibt Bolivien eines der \u00e4rmsten L\u00e4nder der Welt. Vor allem f\u00fcr kinderreiche Familien ist es oftmals schwierig, das ben\u00f6tigte Geld f\u00fcr Schulmaterialien und Lebensmittel aufzubringen. Die [&hellip;]<\/p>","protected":false},"author":1,"featured_media":0,"parent":3645,"menu_order":4,"comment_status":"closed","ping_status":"closed","template":"","meta":{"_uag_custom_page_level_css":"","site-sidebar-layout":"default","site-content-layout":"","ast-site-content-layout":"default","site-content-style":"default","site-sidebar-style":"default","ast-global-header-display":"","ast-banner-title-visibility":"","ast-main-header-display":"","ast-hfb-above-header-display":"","ast-hfb-below-header-display":"","ast-hfb-mobile-header-display":"","site-post-title":"disabled","ast-breadcrumbs-content":"","ast-featured-img":"","footer-sml-layout":"","theme-transparent-header-meta":"","adv-header-id-meta":"","stick-header-meta":"","header-above-stick-meta":"","header-main-stick-meta":"","header-below-stick-meta":"","astra-migrate-meta-layouts":"set","ast-page-background-enabled":"default","ast-page-background-meta":{"desktop":{"background-color":"var(--ast-global-color-4)","background-image":"","background-repeat":"repeat","background-position":"center center","background-size":"auto","background-attachment":"scroll","background-type":"","background-media":"","overlay-type":"","overlay-color":"","overlay-gradient":""},"tablet":{"background-color":"","background-image":"","background-repeat":"repeat","background-position":"center center","background-size":"auto","background-attachment":"scroll","background-type":"","background-media":"","overlay-type":"","overlay-color":"","overlay-gradient":""},"mobile":{"background-color":"","background-image":"","background-repeat":"repeat","background-position":"center center","background-size":"auto","background-attachment":"scroll","background-type":"","background-media":"","overlay-type":"","overlay-color":"","overlay-gradient":""}},"ast-content-background-meta":{"desktop":{"background-color":"var(--ast-global-color-5)","background-image":"","background-repeat":"repeat","background-position":"center center","background-size":"auto","background-attachment":"scroll","background-type":"","background-media":"","overlay-type":"","overlay-color":"","overlay-gradient":""},"tablet":{"background-color":"var(--ast-global-color-5)","background-image":"","background-repeat":"repeat","background-position":"center center","background-size":"auto","background-attachment":"scroll","background-type":"","background-media":"","overlay-type":"","overlay-color":"","overlay-gradient":""},"mobile":{"background-color":"var(--ast-global-color-5)","background-image":"","background-repeat":"repeat","background-position":"center center","background-size":"auto","background-attachment":"scroll","background-type":"","background-media":"","overlay-type":"","overlay-color":"","overlay-gradient":""}},"footnotes":""},"class_list":["post-3673","page","type-page","status-publish","hentry"],"yoast_head":"<!-- This site is optimized with the Yoast SEO plugin v25.0 - https:\/\/yoast.com\/wordpress\/plugins\/seo\/ -->\n<title>Kinder in Bolivien - Joven Esperanza e.V.<\/title>\n<meta name=\"robots\" content=\"index, follow, max-snippet:-1, max-image-preview:large, max-video-preview:-1\" \/>\n<link rel=\"canonical\" href=\"https:\/\/joven-esperanza.de\/es\/ueber-uns\/kinder-in-bolivien\/\" \/>\n<meta property=\"og:locale\" content=\"es_ES\" \/>\n<meta property=\"og:type\" content=\"article\" \/>\n<meta property=\"og:title\" content=\"Kinder in Bolivien - Joven Esperanza e.V.\" \/>\n<meta property=\"og:description\" content=\"Kinder in Bolivien Kinder und Jugendliche in Bolivien wachsen unter v\u00f6llig anderen Umst\u00e4nden auf, als wir es in Deutschland gewohnt sind. Trotz der positiven Entwicklungen in den letzten Jahren bleibt Bolivien eines der \u00e4rmsten L\u00e4nder der Welt. Vor allem f\u00fcr kinderreiche Familien ist es oftmals schwierig, das ben\u00f6tigte Geld f\u00fcr Schulmaterialien und Lebensmittel aufzubringen. Die [&hellip;]\" \/>\n<meta property=\"og:url\" content=\"https:\/\/joven-esperanza.de\/es\/ueber-uns\/kinder-in-bolivien\/\" \/>\n<meta property=\"og:site_name\" content=\"Joven Esperanza e.V.\" \/>\n<meta property=\"article:publisher\" content=\"https:\/\/www.facebook.com\/JovenEsperanza\" \/>\n<meta property=\"article:modified_time\" content=\"2024-03-16T13:39:17+00:00\" \/>\n<meta property=\"og:image\" content=\"https:\/\/joven-esperanza.de\/wp-content\/uploads\/2024\/03\/Bolivien-60-1024x768.jpg\" \/>\n<meta name=\"twitter:card\" content=\"summary_large_image\" \/>\n<meta name=\"twitter:label1\" content=\"Est. reading time\" \/>\n\t<meta name=\"twitter:data1\" content=\"3 minutes\" \/>\n<script type=\"application\/ld+json\" class=\"yoast-schema-graph\">{\"@context\":\"https:\/\/schema.org\",\"@graph\":[{\"@type\":\"WebPage\",\"@id\":\"https:\/\/joven-esperanza.de\/ueber-uns\/kinder-in-bolivien\/\",\"url\":\"https:\/\/joven-esperanza.de\/ueber-uns\/kinder-in-bolivien\/\",\"name\":\"Kinder in Bolivien - Joven Esperanza e.V.\",\"isPartOf\":{\"@id\":\"https:\/\/joven-esperanza.de\/#website\"},\"primaryImageOfPage\":{\"@id\":\"https:\/\/joven-esperanza.de\/ueber-uns\/kinder-in-bolivien\/#primaryimage\"},\"image\":{\"@id\":\"https:\/\/joven-esperanza.de\/ueber-uns\/kinder-in-bolivien\/#primaryimage\"},\"thumbnailUrl\":\"https:\/\/joven-esperanza.de\/wp-content\/uploads\/2024\/03\/Bolivien-60-1024x768.jpg\",\"datePublished\":\"2024-03-02T13:32:47+00:00\",\"dateModified\":\"2024-03-16T13:39:17+00:00\",\"breadcrumb\":{\"@id\":\"https:\/\/joven-esperanza.de\/ueber-uns\/kinder-in-bolivien\/#breadcrumb\"},\"inLanguage\":\"es-BO\",\"potentialAction\":[{\"@type\":\"ReadAction\",\"target\":[\"https:\/\/joven-esperanza.de\/ueber-uns\/kinder-in-bolivien\/\"]}]},{\"@type\":\"ImageObject\",\"inLanguage\":\"es-BO\",\"@id\":\"https:\/\/joven-esperanza.de\/ueber-uns\/kinder-in-bolivien\/#primaryimage\",\"url\":\"https:\/\/joven-esperanza.de\/wp-content\/uploads\/2024\/03\/Bolivien-60-1024x768.jpg\",\"contentUrl\":\"https:\/\/joven-esperanza.de\/wp-content\/uploads\/2024\/03\/Bolivien-60-1024x768.jpg\"},{\"@type\":\"BreadcrumbList\",\"@id\":\"https:\/\/joven-esperanza.de\/ueber-uns\/kinder-in-bolivien\/#breadcrumb\",\"itemListElement\":[{\"@type\":\"ListItem\",\"position\":1,\"name\":\"Startseite\",\"item\":\"https:\/\/joven-esperanza.de\/\"},{\"@type\":\"ListItem\",\"position\":2,\"name\":\"\u00dcber Uns\",\"item\":\"https:\/\/joven-esperanza.de\/ueber-uns\/\"},{\"@type\":\"ListItem\",\"position\":3,\"name\":\"Kinder in Bolivien\"}]},{\"@type\":\"WebSite\",\"@id\":\"https:\/\/joven-esperanza.de\/#website\",\"url\":\"https:\/\/joven-esperanza.de\/\",\"name\":\"Joven Esperanza e.V.\",\"description\":\"Kindern in Camiri eine Zukunft bieten\",\"publisher\":{\"@id\":\"https:\/\/joven-esperanza.de\/#organization\"},\"potentialAction\":[{\"@type\":\"SearchAction\",\"target\":{\"@type\":\"EntryPoint\",\"urlTemplate\":\"https:\/\/joven-esperanza.de\/?s={search_term_string}\"},\"query-input\":{\"@type\":\"PropertyValueSpecification\",\"valueRequired\":true,\"valueName\":\"search_term_string\"}}],\"inLanguage\":\"es-BO\"},{\"@type\":\"Organization\",\"@id\":\"https:\/\/joven-esperanza.de\/#organization\",\"name\":\"Joven Esperanza e.V.\",\"url\":\"https:\/\/joven-esperanza.de\/\",\"logo\":{\"@type\":\"ImageObject\",\"inLanguage\":\"es-BO\",\"@id\":\"https:\/\/joven-esperanza.de\/#\/schema\/logo\/image\/\",\"url\":\"https:\/\/joven-esperanza.de\/wp-content\/uploads\/2024\/02\/joven-esperanza.png\",\"contentUrl\":\"https:\/\/joven-esperanza.de\/wp-content\/uploads\/2024\/02\/joven-esperanza.png\",\"width\":4738,\"height\":1324,\"caption\":\"Joven Esperanza e.V.\"},\"image\":{\"@id\":\"https:\/\/joven-esperanza.de\/#\/schema\/logo\/image\/\"},\"sameAs\":[\"https:\/\/www.facebook.com\/JovenEsperanza\",\"https:\/\/www.instagram.com\/joven_esperanza_ev\/\",\"https:\/\/www.linkedin.com\/company\/joven-esperanza-e.v.\/\",\"https:\/\/www.youtube.com\/@joven.esperanza\"]}]}<\/script>\n<!-- \/ Yoast SEO plugin. -->","yoast_head_json":{"title":"Kinder in Bolivien - Joven Esperanza e.V.","robots":{"index":"index","follow":"follow","max-snippet":"max-snippet:-1","max-image-preview":"max-image-preview:large","max-video-preview":"max-video-preview:-1"},"canonical":"https:\/\/joven-esperanza.de\/es\/ueber-uns\/kinder-in-bolivien\/","og_locale":"es_ES","og_type":"article","og_title":"Kinder in Bolivien - Joven Esperanza e.V.","og_description":"Kinder in Bolivien Kinder und Jugendliche in Bolivien wachsen unter v\u00f6llig anderen Umst\u00e4nden auf, als wir es in Deutschland gewohnt sind. Trotz der positiven Entwicklungen in den letzten Jahren bleibt Bolivien eines der \u00e4rmsten L\u00e4nder der Welt. Vor allem f\u00fcr kinderreiche Familien ist es oftmals schwierig, das ben\u00f6tigte Geld f\u00fcr Schulmaterialien und Lebensmittel aufzubringen. Die [&hellip;]","og_url":"https:\/\/joven-esperanza.de\/es\/ueber-uns\/kinder-in-bolivien\/","og_site_name":"Joven Esperanza e.V.","article_publisher":"https:\/\/www.facebook.com\/JovenEsperanza","article_modified_time":"2024-03-16T13:39:17+00:00","og_image":[{"url":"https:\/\/joven-esperanza.de\/wp-content\/uploads\/2024\/03\/Bolivien-60-1024x768.jpg","type":"","width":"","height":""}],"twitter_card":"summary_large_image","twitter_misc":{"Est. reading time":"3 minutes"},"schema":{"@context":"https:\/\/schema.org","@graph":[{"@type":"WebPage","@id":"https:\/\/joven-esperanza.de\/ueber-uns\/kinder-in-bolivien\/","url":"https:\/\/joven-esperanza.de\/ueber-uns\/kinder-in-bolivien\/","name":"Kinder in Bolivien - Joven Esperanza e.V.","isPartOf":{"@id":"https:\/\/joven-esperanza.de\/#website"},"primaryImageOfPage":{"@id":"https:\/\/joven-esperanza.de\/ueber-uns\/kinder-in-bolivien\/#primaryimage"},"image":{"@id":"https:\/\/joven-esperanza.de\/ueber-uns\/kinder-in-bolivien\/#primaryimage"},"thumbnailUrl":"https:\/\/joven-esperanza.de\/wp-content\/uploads\/2024\/03\/Bolivien-60-1024x768.jpg","datePublished":"2024-03-02T13:32:47+00:00","dateModified":"2024-03-16T13:39:17+00:00","breadcrumb":{"@id":"https:\/\/joven-esperanza.de\/ueber-uns\/kinder-in-bolivien\/#breadcrumb"},"inLanguage":"es-BO","potentialAction":[{"@type":"ReadAction","target":["https:\/\/joven-esperanza.de\/ueber-uns\/kinder-in-bolivien\/"]}]},{"@type":"ImageObject","inLanguage":"es-BO","@id":"https:\/\/joven-esperanza.de\/ueber-uns\/kinder-in-bolivien\/#primaryimage","url":"https:\/\/joven-esperanza.de\/wp-content\/uploads\/2024\/03\/Bolivien-60-1024x768.jpg","contentUrl":"https:\/\/joven-esperanza.de\/wp-content\/uploads\/2024\/03\/Bolivien-60-1024x768.jpg"},{"@type":"BreadcrumbList","@id":"https:\/\/joven-esperanza.de\/ueber-uns\/kinder-in-bolivien\/#breadcrumb","itemListElement":[{"@type":"ListItem","position":1,"name":"Startseite","item":"https:\/\/joven-esperanza.de\/"},{"@type":"ListItem","position":2,"name":"\u00dcber Uns","item":"https:\/\/joven-esperanza.de\/ueber-uns\/"},{"@type":"ListItem","position":3,"name":"Kinder in Bolivien"}]},{"@type":"WebSite","@id":"https:\/\/joven-esperanza.de\/#website","url":"https:\/\/joven-esperanza.de\/","name":"Joven Esperanza e.V.","description":"Kindern in Camiri eine Zukunft bieten","publisher":{"@id":"https:\/\/joven-esperanza.de\/#organization"},"potentialAction":[{"@type":"SearchAction","target":{"@type":"EntryPoint","urlTemplate":"https:\/\/joven-esperanza.de\/?s={search_term_string}"},"query-input":{"@type":"PropertyValueSpecification","valueRequired":true,"valueName":"search_term_string"}}],"inLanguage":"es-BO"},{"@type":"Organization","@id":"https:\/\/joven-esperanza.de\/#organization","name":"Joven Esperanza e.V.","url":"https:\/\/joven-esperanza.de\/","logo":{"@type":"ImageObject","inLanguage":"es-BO","@id":"https:\/\/joven-esperanza.de\/#\/schema\/logo\/image\/","url":"https:\/\/joven-esperanza.de\/wp-content\/uploads\/2024\/02\/joven-esperanza.png","contentUrl":"https:\/\/joven-esperanza.de\/wp-content\/uploads\/2024\/02\/joven-esperanza.png","width":4738,"height":1324,"caption":"Joven Esperanza e.V."},"image":{"@id":"https:\/\/joven-esperanza.de\/#\/schema\/logo\/image\/"},"sameAs":["https:\/\/www.facebook.com\/JovenEsperanza","https:\/\/www.instagram.com\/joven_esperanza_ev\/","https:\/\/www.linkedin.com\/company\/joven-esperanza-e.v.\/","https:\/\/www.youtube.com\/@joven.esperanza"]}]}},"uagb_featured_image_src":{"full":false,"thumbnail":false,"medium":false,"medium_large":false,"large":false,"1536x1536":false,"2048x2048":false,"trp-custom-language-flag":false},"uagb_author_info":{"display_name":"Joven Esperanza","author_link":"https:\/\/joven-esperanza.de\/es\/blog\/author\/admin\/"},"uagb_comment_info":0,"uagb_excerpt":"Kinder in Bolivien Kinder und Jugendliche in Bolivien wachsen unter v\u00f6llig anderen Umst\u00e4nden auf, als wir es in Deutschland gewohnt sind. Trotz der positiven Entwicklungen in den letzten Jahren bleibt Bolivien eines der \u00e4rmsten L\u00e4nder der Welt. Vor allem f\u00fcr kinderreiche Familien ist es oftmals schwierig, das ben\u00f6tigte Geld f\u00fcr Schulmaterialien und Lebensmittel aufzubringen. Die&hellip;","_links":{"self":[{"href":"https:\/\/joven-esperanza.de\/es\/wp-json\/wp\/v2\/pages\/3673","targetHints":{"allow":["GET"]}}],"collection":[{"href":"https:\/\/joven-esperanza.de\/es\/wp-json\/wp\/v2\/pages"}],"about":[{"href":"https:\/\/joven-esperanza.de\/es\/wp-json\/wp\/v2\/types\/page"}],"author":[{"embeddable":true,"href":"https:\/\/joven-esperanza.de\/es\/wp-json\/wp\/v2\/users\/1"}],"replies":[{"embeddable":true,"href":"https:\/\/joven-esperanza.de\/es\/wp-json\/wp\/v2\/comments?post=3673"}],"version-history":[{"count":16,"href":"https:\/\/joven-esperanza.de\/es\/wp-json\/wp\/v2\/pages\/3673\/revisions"}],"predecessor-version":[{"id":3962,"href":"https:\/\/joven-esperanza.de\/es\/wp-json\/wp\/v2\/pages\/3673\/revisions\/3962"}],"up":[{"embeddable":true,"href":"https:\/\/joven-esperanza.de\/es\/wp-json\/wp\/v2\/pages\/3645"}],"wp:attachment":[{"href":"https:\/\/joven-esperanza.de\/es\/wp-json\/wp\/v2\/media?parent=3673"}],"curies":[{"name":"wp","href":"https:\/\/api.w.org\/{rel}","templated":true}]}}